{"id":263,"date":"2019-07-17T12:01:57","date_gmt":"2019-07-17T10:01:57","guid":{"rendered":"https:\/\/paysys.de\/en\/?page_id=263"},"modified":"2024-09-17T11:49:11","modified_gmt":"2024-09-17T09:49:11","slug":"publication","status":"publish","type":"page","link":"https:\/\/paysys.de\/en\/publication\/","title":{"rendered":"Publications"},"content":{"rendered":"<ul>\n<li><a href=\"https:\/\/paysys.de\/en\/publication\/costs-of-cash-and-cashless-payment-instruments-in-germany\/\"><span style=\"font-family: georgia, palatino, serif;\"><span style=\"font-size: 12pt;\">Costs of cash and cashless payment instruments in Germany (2006)<\/span><\/span><\/a><\/li>\n<\/ul>\n<h2>2024<\/h2>\n<ul>\n<li><a href=\"https:\/\/paysys.de\/en\/wp-content\/uploads\/2024\/09\/Study-on-DE-from-Consumer-Retailer-Industry-Perspective-ENG_incl-LA.pdf\">The digital euro from a consumer, retailer and industry perspective<\/a><\/li>\n<\/ul>\n<h2>2022<\/h2>\n<ul>\n<li><a href=\"https:\/\/paytechlaw.com\/en\/credit-card-saturation-debit-card-boom-germany\/\">credit card saturation and debit card boom in Germany?<\/a><\/li>\n<li><a href=\"https:\/\/paytechlaw.com\/en\/payment-statistics-mysticism-of-numbers\/\">The mysticism of numbers<\/a><\/li>\n<li><a href=\"https:\/\/paytechlaw.com\/en\/eu-commission-plans-abolish-anonymous-e-money\/\">Is the EU Commission planning to abolish anonymous e-money?<\/a><\/li>\n<li><a href=\"https:\/\/paytechlaw.com\/en\/card-schemes-narrative-mastercard-visa-dominance\/\">The narrative of Mastercard and Visa dominance\u00a0<\/a><\/li>\n<\/ul>\n<h2>2021<\/h2>\n<ul>\n<li><a href=\"https:\/\/paytechlaw.com\/en\/infographic-corona-european-card-business\/\">Infographic Corona and the European card business<\/a><\/li>\n<li><a href=\"https:\/\/paytechlaw.com\/en\/infographic-co-badging-national-card-schemes-eu\/\">Infographic co-badging of national card schemes in the EU<\/a><\/li>\n<li><a href=\"https:\/\/paytechlaw.com\/en\/new-eba-guideline-notification-procedure-psd-lne\/\">New EBA uniform guidelines for the notification procedure of the PSD \u201climited networks\u201d exclusion<\/a><\/li>\n<li><a href=\"https:\/\/paytechlaw.com\/en\/tokenised-bank-money-comments-on-micar-2\/\">Tokenised bank money \u2013 Further comments on MiCAR (2)<\/a><\/li>\n<li><a href=\"https:\/\/paytechlaw.com\/en\/e-money-universal-medium-of-exchange\/\">Should e-money be a universal medium of exchange?<\/a><\/li>\n<li><a href=\"https:\/\/paytechlaw.com\/en\/crypto-assets-fiat-currency-micar\/\">Crypto-assets, fiat currency and aliens \u2013 some notes on the MiCAR<\/a><\/li>\n<li><a href=\"https:\/\/paytechlaw.com\/en\/epi-destination-2\/\">EPI: The destination is clear but now how we get there (part 2)<\/a><\/li>\n<li class=\"entry-title\"><a href=\"https:\/\/paytechlaw.com\/en\/payment-transaction-statistics-riddles\/\">German Central Bank payment transaction statistics: Can you solve these riddles?<\/a><\/li>\n<\/ul>\n<h2>2020<\/h2>\n<ul>\n<li><a href=\"https:\/\/paytechlaw.com\/en\/payment-cards\/\">Payment cards | PayTechLaw advent calendar #9<\/a><\/li>\n<li><a href=\"https:\/\/www.fch-gruppe.de\/Buch\/kommentar-zum-zahlungsverkehrsrecht-3-auflage\">Legal commentary to the EU-Regulation 2015\/751 (Interchange Fee Regulation \u2013 IFR)<\/a><\/li>\n<li><a href=\"https:\/\/paytechlaw.com\/en\/epi-rps-part1\/\">The EPI: The destination is clear but not how we get there (part 1)<\/a><\/li>\n<li><a href=\"https:\/\/paytechlaw.com\/en\/interchange-fee-regulation-acquirers\/\" target=\"_blank\" rel=\"noopener noreferrer\">Interchange Fee Regulation: a stimulus package for acquirers?<\/a><\/li>\n<li><a href=\"https:\/\/paytechlaw.com\/en\/corona-vouchers\/\" target=\"_blank\" rel=\"noopener noreferrer\">Corona vouchers<\/a><\/li>\n<li><a href=\"https:\/\/paytechlaw.com\/en\/peps-i\/\" target=\"_blank\" rel=\"noopener noreferrer\"><span style=\"font-size: 12pt;\">PEPS-I: Monnet 2.0 or SCT Inst?<\/span><\/a><\/li>\n<\/ul>\n<h2>2019<\/h2>\n<ul>\n<li><a href=\"https:\/\/paytechlaw.com\/en\/ecb-payment-statistics\/\" target=\"_blank\" rel=\"noopener noreferrer\">The trials and tribulations of the ECB payment statistics <\/a><\/li>\n<li><a href=\"https:\/\/paytechlaw.com\/en\/is-libra-e-money\/\" target=\"_blank\" rel=\"noopener noreferrer\">Is Libra e-money?<\/a><\/li>\n<li><a href=\"https:\/\/paytechlaw.com\/paytechtalk-42-volkswirtschaftliche-implikationen-von-libra\/?utm_source=newsletter-66&amp;utm_medium=email&amp;utm_campaign=ptl-newsletter\" target=\"_blank\" rel=\"noopener noreferrer\">Podcast: PayTechTalk 42 &#8211; Volkswirtschaftliche Implikationen von Libra<\/a><\/li>\n<li><a href=\"https:\/\/paytechlaw.com\/en\/cesop\/\" target=\"_blank\" rel=\"noopener noreferrer\">CESOP \u00f6ffne Dich: Die neue Datensammelwut der Kommission<\/a><\/li>\n<li><a href=\"https:\/\/paysys.de\/en\/wp-content\/uploads\/2019\/07\/pressemitteilung_eccash_elv2018_english.pdf\" target=\"_blank\" rel=\"noopener noreferrer\">Press release &#8211; 2018: Strong decline of card payments via ELV in Germany <\/a><\/li>\n<li><a href=\"https:\/\/paytechlaw.com\/en\/ephemeral-e-money\/\" target=\"_blank\" rel=\"noopener noreferrer\">Ephemeral e-money<\/a><\/li>\n<\/ul>\n<h2><strong>2018<\/strong><\/h2>\n<ul>\n<li><a href=\"https:\/\/paytechlaw.com\/en\/reg-924\/\">Reg. 924: Not just bad news for card issuers <\/a><\/li>\n<li><a href=\"https:\/\/paytechlaw.com\/anonymes-zahlen\/https:\/\/paytechlaw.com\/en\/anonymous-payments-2\/\">Right to anonymous payments <\/a><\/li>\n<li><a href=\"https:\/\/www.it-finanzmagazin.de\/girocard-interview-godschalk-paysys-77785\/\">Die girocard ist vermutlich zu sp\u00e4t &#8211; Interview mit Hugo Godschalk, PaySys Consultancy\u00a0<\/a><\/li>\n<li><a href=\"https:\/\/paytechlaw.com\/en\/universal-cards\/\" target=\"_blank\" rel=\"noopener noreferrer\">Interchange Fee Regulation: gender-specific universal cards <\/a><\/li>\n<li><a href=\"https:\/\/paytechlaw.com\/en\/vc-versus-e-money\/\" target=\"_blank\" rel=\"noopener noreferrer\">Virtual currencies deciphered (2) \u2013 Identity crisis: VC versus e-money<\/a><\/li>\n<li><a href=\"https:\/\/paytechlaw.com\/en\/new-legal-definition-amld5\/\" target=\"_blank\" rel=\"noopener noreferrer\">Virtual currencies deciphered (1) \u2013 the new legal definition and AMLD5 <\/a><\/li>\n<li><a href=\"https:\/\/paytechlaw.com\/paytechtalk-17-der-eugh-und-aus-drei-wird-vier\/\/\">Podcast: PayTechTalk 17 \u2013 der EuGH und aus Drei wird Vier<\/a><\/li>\n<li><a href=\"https:\/\/paytechlaw.com\/en\/regulation-924-eu-pricing-regulation\/\" target=\"_blank\" rel=\"noopener noreferrer\">Regulation 924: The new populist trend towards an EU pricing regulation <\/a><\/li>\n<li><a href=\"https:\/\/paytechlaw.com\/en\/e-loyalty-to-be-or-not-to-be\/\" target=\"_blank\" rel=\"noopener noreferrer\">E-Loyalty: To be or not to be <\/a><\/li>\n<li><a href=\"http:\/\/paysys.de\/wp-content\/uploads\/2019\/06\/koalitionsvertrag_-paytechlaw.pdf\" target=\"_blank\" rel=\"noopener noreferrer\">Der Koalitionsvertrag und das liebe Geld<\/a><\/li>\n<\/ul>\n<h2><strong>2017<\/strong><\/h2>\n<ul>\n<li><a href=\"http:\/\/paysys.de\/wp-content\/uploads\/2019\/06\/jamaika_und_das_bargeld.pdf\">Jamaika und Das Bargeld<\/a> published on <a href=\"http:\/\/www.bargeldlosblog.de\/jamaika-und-das-bargeld\/\">BargeldlosBlog.<\/a><\/li>\n<\/ul>\n<h2><strong>2016<\/strong><\/h2>\n<ul>\n<li>\u00a0<a href=\"http:\/\/paysys.de\/wp-content\/uploads\/2019\/06\/pressemitteilung_paysys_m-payment.pdf\">Handy-Zahlung an Verkaufskassen ist weiterhin ein seltenes Ph\u00e4nomen in Deutschland<\/a><\/li>\n<\/ul>\n<h2><strong>2015<\/strong><\/h2>\n<ul>\n<li><a href=\"http:\/\/paysys.de\/wp-content\/uploads\/2019\/06\/pressemitteilung-ifr-29.juni-2015.pdf\">Deutsche Kreditinstitute verlieren im Kartengesch\u00e4ft fast 465 Mio. Euro durch die europ\u00e4ische Interchange-Verordnung.<\/a><\/li>\n<\/ul>\n<h2><strong>2014<\/strong><\/h2>\n<ul>\n<li><a href=\"http:\/\/paysys.de\/wp-content\/uploads\/2019\/06\/psdii.pdf\">PSDII-Entwurf: Folgen f\u00fcr Gutscheinkarten, Bonussysteme, Tank- und Kundenkarten <\/a><\/li>\n<\/ul>\n<h2><strong>2013<\/strong><\/h2>\n<ul>\n<li><a href=\"http:\/\/paysys.de\/wp-content\/uploads\/2019\/06\/ecb-e-money-virtual-currencies-dgc-2013.pdf\">Can an overseer overlook some basics? &#8211; The ECB on e-money and virtual currencies <\/a><\/li>\n<\/ul>\n<h2><strong>2012<\/strong><\/h2>\n<ul>\n<li><a href=\"http:\/\/paysys.de\/wp-content\/uploads\/2019\/06\/demurrage-ijccr-2012.pdf\">Does Demurrage matter for complementary currencies?<\/a><\/li>\n<li><a href=\"http:\/\/paysys.de\/wp-content\/uploads\/2019\/06\/buchhandel.pdf\">Kundenbindung trotz Preisbindung<br \/>\n&#8211; Rahmenbedingungen f\u00fcr den Einsatz von Loyalty-Systemen im Buchhandel &#8211;<\/a><\/li>\n<li><a href=\"http:\/\/www.paysys.de\/download\/Greenpaper-PaySys%20Response%20v2.pdf\">PaySys&#8216; Response to EC&#8217;s Green Paper<\/a><\/li>\n<\/ul>\n<h2><strong>2011<\/strong><\/h2>\n<ul>\n<li><a href=\"http:\/\/paysys.de\/wp-content\/uploads\/2019\/06\/gwg.pdf\">Stellungnahme zum Referentenentwurf des Gesetzes zur Optimierung der Geldw\u00e4schepr\u00e4vention<\/a><\/li>\n<li>\n<div><a href=\"http:\/\/www.ecc-handel.de\/download\/114211401\/IZV10_2011_Kurzauswertung.pdf\">Der Internet-Zahlungsverkehr aus Sicht der Verbraucher<span class=\"390343510-16032011\"> (IZV10)<\/span>: Kurzauswertung<\/a><\/div>\n<\/li>\n<\/ul>\n<h2><strong>2010<\/strong><\/h2>\n<ul>\n<li><a href=\"http:\/\/paysys.de\/wp-content\/uploads\/2019\/06\/pressemitteilung-umfrage-gift-cards-2.pdf\">Gift Cards sind erfolgreicher als Papiergutscheine &#8211; neue H\u00e4ndlerumfrage zu Prepaid Gift Cards <\/a><\/li>\n<li><a href=\"http:\/\/paysys.de\/wp-content\/uploads\/2019\/06\/epsm_2010.pdf\">On the importance of application selection\u00a0<\/a><\/li>\n<li><a href=\"http:\/\/paysys.de\/wp-content\/uploads\/2019\/06\/sepa-end-date-deutsch.pdf\">SEPA braucht mehr Wettbewerb &#8211; Stellungnahme zum \u00f6ffentlichen Hearing der Europ\u00e4ischen Kommission \u00fcber die Einf\u00fchrung von Enddaten der Migration von \u00dcberweisung und Lastschriften <\/a><\/li>\n<li><a href=\"http:\/\/paysys.de\/wp-content\/uploads\/2019\/06\/elv-zukunft.pdf\">Die Zukunft des kartenbasierten ELV<\/a><\/li>\n<li><a href=\"http:\/\/paysys.de\/wp-content\/uploads\/2019\/06\/epca2010.pdf\">The persistence and future of cash<\/a><\/li>\n<\/ul>\n<h2><strong>2009<\/strong><\/h2>\n<ul>\n<li><a href=\"http:\/\/www.bepress.com\/cgi\/viewcontent.cgi?article=1180&amp;context=rne\">Elasticity rules in 2-sided markets<\/a><\/li>\n<li><a href=\"http:\/\/paysys.de\/wp-content\/uploads\/2019\/06\/interbankentgelte2009.pdf\">Interbankenentgelte &#8211; \u00f6konomisch notwendig oder wettbewerbsverzerrend?<\/a><\/li>\n<li><a href=\"http:\/\/paysys.de\/wp-content\/uploads\/2019\/06\/izh5_kurz2009.pdf\">Der Internet-Zahlungsverkehr aus der Sicht der H\u00e4ndler: Ergebnisse der Umfrage IZH5. Vorab-Kurzauswertung ausgew\u00e4hlter Aspekte<\/a><\/li>\n<li><a href=\"http:\/\/paysys.de\/wp-content\/uploads\/2019\/06\/steuer2009.pdf\">Finanzmarktsteuer: Wunderwaffe oder Schnapsidee<\/a><\/li>\n<li><a href=\"http:\/\/www.paysys.de\/download\/Art.%20LS%20Karten%20Aug%2008.pdf\">Deutsches Lastschriftverfahren vor dem Ende?<\/a><\/li>\n<li><a href=\"http:\/\/paysys.de\/wp-content\/uploads\/2019\/06\/karten01_33-34_godschalk.pdf\">Bundesbank-Statistik f\u00fcr das Kartengesch\u00e4ft: mit Vorsicht zu genie\u00dfen\u00a0<\/a><\/li>\n<li><a href=\"http:\/\/paysys.de\/wp-content\/uploads\/2019\/06\/ecr0902.pdf\">German card growth continues, despite ECB figures <\/a><\/li>\n<\/ul>\n<h2><strong>2008<\/strong><\/h2>\n<ul>\n<li><a href=\"http:\/\/paysys.de\/wp-content\/uploads\/2019\/06\/izv9_2008.pdf\">Internet Zahlungssysteme aus der Sicht der Verbraucher. Ergebnisse der Online-Umfrage IZV9<\/a><\/li>\n<li><a href=\"http:\/\/www.emoney.typepad.com\/blog\/2008\/07\/electronic-mone.html\">Electronic Money: Flop or a New Run-Up?<\/a><\/li>\n<li><a href=\"http:\/\/paysys.de\/wp-content\/uploads\/2019\/06\/presseInterchange.pdf\" target=\"_blank\" rel=\"noopener noreferrer\">Europ\u00e4ische Kommission vs. MasterCard &#8211; Folgen f\u00fcr das Kartengesch\u00e4ft in Deutschland<\/a><\/li>\n<li><a href=\"http:\/\/paysys.de\/wp-content\/uploads\/2019\/06\/zero-mif-2008f.pdf\">Die Interchange-Entscheidung der Europ\u00e4ischen Kommission<\/a><\/li>\n<li><a href=\"http:\/\/paysys.de\/wp-content\/uploads\/2019\/06\/epca2008.pdf\" target=\"_blank\" rel=\"noopener noreferrer\">Cash: The familiar stranger<\/a><\/li>\n<li><a href=\"http:\/\/paysys.de\/wp-content\/uploads\/2019\/06\/karten_2008.pdf\" target=\"_blank\" rel=\"noopener noreferrer\">Interchange: Durch 5-Parteien-System zu retten?<\/a><\/li>\n<li><a href=\"http:\/\/paysys.de\/wp-content\/uploads\/2019\/06\/mif_2008.pdf\">Preserving interchange: from explicit to implicit MIF <\/a><\/li>\n<\/ul>\n<h2><strong>2007<\/strong><\/h2>\n<ul>\n<li><a href=\"http:\/\/paysys.de\/wp-content\/uploads\/2019\/06\/prepaidhg2007.pdf\" target=\"_blank\" rel=\"noopener noreferrer\">Prepaid cards: a hybrid phenomenon<br \/>\n<\/a><\/li>\n<li><a href=\"http:\/\/paysys.de\/wp-content\/uploads\/2019\/06\/ecr_2007.pdf\" target=\"_blank\" rel=\"noopener noreferrer\">Aquiring Strategies. SEPA: Eastward ho?<\/a><\/li>\n<li><a href=\"http:\/\/paysys.de\/wp-content\/uploads\/2019\/06\/currence_2007.pdf\">SEPA for Cards: Markets versus Regulation <\/a><\/li>\n<li><a href=\"http:\/\/www.paysys.de\/download\/Pago2007.pdf\" target=\"_blank\" rel=\"noopener noreferrer\">Internetbezahlsysteme aus H\u00e4ndlersicht<\/a><\/li>\n<\/ul>\n<h2><strong>2006<\/strong><\/h2>\n<ul>\n<li><a href=\"http:\/\/paysys.de\/wp-content\/uploads\/2019\/06\/faz-sepa1.pdf\">Ordnungspolitischer S\u00fcndenfall in Br\u00fcssel (Kommentar zu SEPA)<\/a><\/li>\n<li><a href=\"http:\/\/paysys.de\/wp-content\/uploads\/2019\/06\/faz-streit-ums-bargeld-2006.pdf\">Streit ums Bargeld<\/a><\/li>\n<li><a href=\"https:\/\/paysys.de\/en\/wp-content\/uploads\/2019\/07\/paysys_costsofpayments_2006.pdf\" target=\"_blank\" rel=\"noopener noreferrer\">Cost of cash and cashless payment instruments in Germany <\/a><\/li>\n<li><a href=\"http:\/\/paysys.de\/wp-content\/uploads\/2019\/06\/izv8_2006.pdf\">Internetzahlungssysteme aus der Sicht der Verbraucher<\/a><\/li>\n<li><a href=\"http:\/\/paysys.de\/wp-content\/uploads\/2019\/06\/pago-artikel_2006web.pdf\" target=\"_blank\" rel=\"noopener noreferrer\">Internet Payment: Ist der Bereich der digitalen G\u00fcter etwas Besonderes?<\/a><\/li>\n<li><a href=\"https:\/\/www.concardis.com\/index.php?id=281\">H\u00e4ndler in WM-Austragungsst\u00e4dten sehen der Fu\u00dfball WM 2006 optimistisch entgegen <\/a><\/li>\n<\/ul>\n<h2><strong>2005<\/strong><\/h2>\n<ul>\n<li><a href=\"http:\/\/paysys.de\/wp-content\/uploads\/2019\/06\/pago-artikel_2005web.pdf\" target=\"_blank\" rel=\"noopener noreferrer\">Angebotspalette im Online-Shop optimieren \u2013 Fakten \u00fcber das Kaufverhalten nutzen<\/a><\/li>\n<li><a href=\"http:\/\/paysys.de\/wp-content\/uploads\/2019\/06\/first-monday-plus-update2.pdf\" target=\"_blank\" rel=\"noopener noreferrer\">Offshore E-Money Issuers and Monetary Policy &#8211; plus update<\/a><\/li>\n<\/ul>\n<h2><strong>2004<\/strong><\/h2>\n<ul>\n<li><a href=\"http:\/\/serv01.siteground119.com\/~paysys\/download\/Stellungnahme%20E-Money.pdf\">Stellungnahme zum Konsultationspapier der EU-Kommission: Application of the e-Money Directive to mobile operators <\/a><\/li>\n<li><a href=\"http:\/\/serv01.siteground119.com\/~paysys\/download\/Cash-up%20Artikel.pdf\">Cash-up an der Ladenkasse <\/a><\/li>\n<li><a href=\"http:\/\/serv01.siteground119.com\/~paysys\/download\/Card-Forum%20Interchange%20final%20version.pdf\">Kein gemeinsamer Nenner. Eine internationale \u00dcbersicht zeigt: Bei der Regulierung von Interchange-Geb\u00fchren herrscht viel Uneinigkeit <\/a><\/li>\n<\/ul>\n<h2><strong>2002<\/strong><\/h2>\n<ul>\n<li><a href=\"http:\/\/paysys.de\/wp-content\/uploads\/2019\/06\/interchange2002.pdf\" target=\"_blank\" rel=\"noopener noreferrer\">Interchange Fee: Es gibt keine Alternative<\/a><\/li>\n<li><a href=\"http:\/\/www.jrc.es\/home\/report\/english\/articles\/vol63\/ICT1E636.htm\">Mobile payments as challenge for banks and regulators<\/a><\/li>\n<li><a href=\"http:\/\/serv01.siteground119.com\/~paysys\/download\/Krueger%20e-money%20regul.pdf\">E-money regulation in the EU<\/a><\/li>\n<li><a href=\"http:\/\/www.bte.de\/fachpublikationen\/flaw\/treffer.php?muw01.htm+kundenkarten\">Kundenkarten, Citykarten und Kundenclubs im Einzelhandel <strong>\/ <\/strong>BTE<\/a><\/li>\n<\/ul>\n<h2><strong>2001<\/strong><\/h2>\n<ul>\n<li><a href=\"http:\/\/serv01.siteground119.com\/~paysys\/download\/Mobile%20Z-formen.pdf\">Die Bedeutung mobiler Zahlungsformen<\/a><\/li>\n<li><a href=\"http:\/\/serv01.siteground119.com\/~paysys\/download\/ITRE%20Study.pdf\">Convergence Between Banking and Telecommunications Sectors<\/a><\/li>\n<li><a href=\"http:\/\/epso.intrasoft.lu\/papers\/Backgrnd-2.pdf\">The Future of M-payments &#8211; Business Options and Policy Issues<\/a><\/li>\n<li><a href=\"http:\/\/epso.intrasoft.lu\/papers\/Backgrnd-4.pdf\">Payments Culture Matters &#8211; A Comparative EU-US Perspective on Payment Cultures<\/a><\/li>\n<li><a href=\"http:\/\/epso.intrasoft.lu\/papers\/Backgrnd-5.pdf\">Innovation and Regulation &#8211; The Case of E-money Regulation in the EU<\/a><\/li>\n<li><a href=\"http:\/\/epso.intrasoft.lu\/papers\/ePSO-N04.pdf\">Interchange Fees in the Line of Fire<\/a><\/li>\n<li><a href=\"http:\/\/serv01.siteground119.com\/~paysys\/download\/DeLaRue2a.pdf\">The impact of technology on cash usage <\/a><\/li>\n<li><a href=\"http:\/\/paysys.de\/wp-content\/uploads\/2019\/06\/interchange_1.rtf\">Justifications of interchange from the economic theory<\/a><\/li>\n<li><a href=\"http:\/\/paysys.de\/download\/Agefi.pdf\">Can alternative currencies benefit from IT?<\/a><\/li>\n<li><a href=\"http:\/\/paysys.de\/wp-content\/uploads\/2019\/06\/internetauktion.pdf\">Zahlungsmethoden bei Internet-Auktionen<\/a><\/li>\n<\/ul>\n<h2><strong>2000<\/strong><\/h2>\n<ul>\n<li><a href=\"http:\/\/epso.intrasoft.lu\/papers\/ePSO-N02.pdf\">M-Payments and the Role of Telcos <\/a><\/li>\n<li><a href=\"http:\/\/paysys.de\/wp-content\/uploads\/2019\/06\/cashgermany.pdf\" target=\"_blank\" rel=\"noopener noreferrer\">The Demand for Cash in Germany<\/a><\/li>\n<li><a href=\"http:\/\/paysys.de\/wp-content\/uploads\/2019\/06\/berlin5.pdf\">Why e-money still fails<\/a><\/li>\n<\/ul>\n<h2><strong>1999<\/strong><\/h2>\n<ul>\n<li><a href=\"http:\/\/paysys.de\/wp-content\/uploads\/2019\/06\/presse_iss_proc.pdf\">Issuing Processing in Europa &#8211; Eine Untersuchung der TOP25 Issuer Banken (Press Release)<\/a><\/li>\n<\/ul>\n<h2><strong>1998<\/strong><\/h2>\n<ul>\n<li><a href=\"http:\/\/www.itas.fzk.de\/deu\/Itaslit\/krgo98a.pdf\">Herausforderungen des bestehenden Geldsystems im Zuge seiner Digitalisierung &#8211; Chancen f\u00fcr Innovationen?<\/a><\/li>\n<\/ul>\n<h2>Tauschring Handbuch<\/h2>\n<p>Neben der eigentlichen Beratert\u00e4tigkeit besch\u00e4ftigen wir uns auch mit (m\u00f6glicherweise) zukunftsweisenden Formen des Geldes und lokalen W\u00e4hrungen, die bei Tauschringen bzw. LETSystemen (Local Exchange Trading System) eingesetzt werden. Unter einem Tauschring oder LETSystem versteht man ein organisiertes Verrechnungssystem, das dem bargeldlosen Austausch von Leistungen und Produkten zwischen Privatpersonen, Organisationen und Kleinunternehmen auf lokaler Ebene dient.<\/p>\n<p>Im Rahmen dieses Engagements ist ein Handbuch mit dem Namen <a href=\"http:\/\/paysys.de\/wp-content\/uploads\/2019\/06\/letshb6.pdf\">&#8222;LETSysteme und Tauschringe&#8220;<\/a> erschienen, das Hilfestellung bei der Gr\u00fcndung eines Tauschringes geben m\u00f6chte und folgenderma\u00dfen aufgebaut ist:<\/p>\n<ul>\n<li>Einf\u00fchrendes zu LETS<\/li>\n<li>LETS aus gesellschaftlicher und wirtschaftlicher Sicht<\/li>\n<li>Funktionsprinzipien und Ausgestaltungsm\u00f6glichkeiten von LETS<\/li>\n<li>Historie und gegenw\u00e4rtige Verbreitung von LETS<\/li>\n<li>Rechtliche Fragestellungen im Zusammenhang mit LETS<\/li>\n<li>Tipps zum Aufbau und Betreiben eines LETSystems<\/li>\n<li>Umfrage bei Tauschringen in Deutschland<\/li>\n<li>Zusammenfassung und Ausblick<\/li>\n<li>Kleines LETS-Lexikon<\/li>\n<li>Info-Quellen, Kontaktadressen im In- und Ausland sowie Literaturtipps<\/li>\n<\/ul>\n ","protected":false},"excerpt":{"rendered":"<p>Costs of cash and cashless payment instruments in Germany (2006) 2024 The digital euro from a consumer, retailer and industry perspective 2022 [&hellip;]<\/p>\n","protected":false},"author":4,"featured_media":0,"parent":0,"menu_order":35,"comment_status":"closed","ping_status":"closed","template":"","meta":{"_links_to":"","_links_to_target":""},"_links":{"self":[{"href":"https:\/\/paysys.de\/en\/wp-json\/wp\/v2\/pages\/263"}],"collection":[{"href":"https:\/\/paysys.de\/en\/wp-json\/wp\/v2\/pages"}],"about":[{"href":"https:\/\/paysys.de\/en\/wp-json\/wp\/v2\/types\/page"}],"author":[{"embeddable":true,"href":"https:\/\/paysys.de\/en\/wp-json\/wp\/v2\/users\/4"}],"replies":[{"embeddable":true,"href":"https:\/\/paysys.de\/en\/wp-json\/wp\/v2\/comments?post=263"}],"version-history":[{"count":33,"href":"https:\/\/paysys.de\/en\/wp-json\/wp\/v2\/pages\/263\/revisions"}],"predecessor-version":[{"id":485,"href":"https:\/\/paysys.de\/en\/wp-json\/wp\/v2\/pages\/263\/revisions\/485"}],"wp:attachment":[{"href":"https:\/\/paysys.de\/en\/wp-json\/wp\/v2\/media?parent=263"}],"curies":[{"name":"wp","href":"https:\/\/api.w.org\/{rel}","templated":true}]}}