{"id":45,"date":"2019-06-16T12:40:23","date_gmt":"2019-06-16T10:40:23","guid":{"rendered":"https:\/\/paysys.de\/wp-eng\/?page_id=45"},"modified":"2023-07-10T10:03:21","modified_gmt":"2023-07-10T08:03:21","slug":"team","status":"publish","type":"page","link":"https:\/\/paysys.de\/en\/team\/","title":{"rendered":"Team"},"content":{"rendered":"\r\n<p>Our consultants have many years of experience and knowledge in the card business. In addition, freelancers and partner companies support us with their knowledge and resources.<\/p>\r\n\r\n\r\n\r\n<div class=\"teammember\">\r\n<figure><img decoding=\"async\" loading=\"lazy\" class=\"teamphotob alignleft\" src=\"http:\/\/paysys.de\/wp-content\/uploads\/2019\/06\/foto-hg.jpe\" alt=\"Hugo Godschalk \" width=\"100\" height=\"120\" \/><\/figure>\r\n<strong>Dipl. Volkswirt Dr. Hugo Godschalk <\/strong>General Manager and partner of PaySys Consultancy GmbH hgodschalk@paysys.de since 1993 General Manager and partner of PaySys Consultancy GmbH 1990 &#8211; 1993 Ordina (Deutschland) GmbH (Senior consultant mainly for payment systems and card business) 1984 &#8211; 1990 GZS Gesellschaft f\u00fcr Zahlungssysteme mbH (last as head of the business administration department of controlling) 1982 Doctorate about monetary problems of computer money 1979 &#8211; 1984 Scientific research and tutor at the Institute for money and currency at the University of M\u00fcnster, with main topics in the area of cashless payment systems 1974 &#8211; 1979 Studies of business and finance at the University of M\u00fcnster\/Germany<\/div>\r\n\r\n\r\n\r\n<div class=\"teammember\">\r\n<figure><img decoding=\"async\" loading=\"lazy\" class=\"teamphotob alignleft\" src=\"http:\/\/paysys.de\/wp-content\/uploads\/2019\/06\/krueger.jpg\" alt=\"Malte Kr\u00fcger\" width=\"100\" height=\"120\" \/><\/figure>\r\n<strong>Dr. Malte Kr\u00fcger<\/strong> Senior Consultant mkrueger@paysys.de since 2011 Professor at the University of Aschaffenburg 2009 &#8211; 2010 Temporary professor at the University of Applied Science Frankfurt am Main 2008 &#8211; 2010 Project partner at the E-Finance Lab of the University of Frankfurt 2004 &#8211; 2009 Temporary &#8218;Money and Banking&#8216; chair at the University of Karlsruhe (TH) since 2001 Consultant at PaySys Consultancy GmbH since 1997 Free lance consultant for PaySys Consultancy GmbH 2000 &#8211; 2001 Researcher at the European Commission, IPTS, Seville in an e-payments project 1999 &#8211; 2000 Lecturer at the Department of Economics &amp; Finance, University of Durham 1997 &#8211; 1999 Lecturer and Research Fellow at the University of Western Ontario, London\/Ontario 1996 &#8211; 1997 Scholarship of the Friedrich Flick F\u00f6rderungsstiftung 1994 &#8211; 1995 Visiting researcher at the Bank of Spain, Madrid 1994 Doktorate in economics at the Universit\u00e4t K\u00f6ln 1990 &#8211; 1994 Full time research assistant at the Universit\u00e4t K\u00f6ln 1984 &#8211; 1989 Studies of history and economics in Saarbr\u00fccken and K\u00f6ln<\/div>\r\n\r\n\r\n\r\n<div class=\"teammember\">\r\n<figure><img decoding=\"async\" loading=\"lazy\" class=\"alignleft\" src=\"http:\/\/paysys.de\/wp-content\/uploads\/2019\/06\/foto-jw.jpg\" alt=\" \" width=\"95\" height=\"127\" align=\"right\" \/><\/figure>\r\n<strong>J\u00fcrgen Wedekind<\/strong> Senior-Consultant jwedekind@paysys.de since 2001 Free-lance consultant, functional and technical consultancy in project management in debit and credit cards, issuing and acquiring processing, self-service terminals (expecially also cash-recycler) and branch bank techniques, payments (e. g. SEPA) and security (e. g. PCI-DSS) 1988 &#8211; 2001 GZS Gesellschaft f\u00fcr Zahlungssysteme mbH, Frankfurt Software developer in the issuing and aquiring sector. Since 1995 head of area application development acquiring systems 1985 &#8211; 1988 Study at the &#8222;Fachhochschule f\u00fcr Datenverarbeitung und Organisation&#8220; (professional school for data processing and organisation) in Heidelberg, graduate in business administration\/data processing<\/div>\r\n<p>&nbsp;<\/p>\r\n<div class=\"teammember\">\u00a0<\/div> ","protected":false},"excerpt":{"rendered":"<p>Our consultants have many years of experience and knowledge in the card business. In addition, freelancers and partner companies support us with [&hellip;]<\/p>\n","protected":false},"author":1,"featured_media":0,"parent":0,"menu_order":40,"comment_status":"closed","ping_status":"closed","template":"","meta":{"_links_to":"","_links_to_target":""},"_links":{"self":[{"href":"https:\/\/paysys.de\/en\/wp-json\/wp\/v2\/pages\/45"}],"collection":[{"href":"https:\/\/paysys.de\/en\/wp-json\/wp\/v2\/pages"}],"about":[{"href":"https:\/\/paysys.de\/en\/wp-json\/wp\/v2\/types\/page"}],"author":[{"embeddable":true,"href":"https:\/\/paysys.de\/en\/wp-json\/wp\/v2\/users\/1"}],"replies":[{"embeddable":true,"href":"https:\/\/paysys.de\/en\/wp-json\/wp\/v2\/comments?post=45"}],"version-history":[{"count":5,"href":"https:\/\/paysys.de\/en\/wp-json\/wp\/v2\/pages\/45\/revisions"}],"predecessor-version":[{"id":460,"href":"https:\/\/paysys.de\/en\/wp-json\/wp\/v2\/pages\/45\/revisions\/460"}],"wp:attachment":[{"href":"https:\/\/paysys.de\/en\/wp-json\/wp\/v2\/media?parent=45"}],"curies":[{"name":"wp","href":"https:\/\/api.w.org\/{rel}","templated":true}]}}